{"id":1295,"date":"2023-11-28T16:58:49","date_gmt":"2023-11-28T14:58:49","guid":{"rendered":"https:\/\/martrocatala.com\/?page_id=1295"},"modified":"2023-12-13T16:38:46","modified_gmt":"2023-12-13T14:38:46","slug":"politica-de-cookies","status":"publish","type":"page","link":"https:\/\/martrocatala.com\/es\/politica-de-cookies\/","title":{"rendered":"Pol\u00edtica de cookies"},"content":{"rendered":"<div class=\"fusion-fullwidth fullwidth-box fusion-builder-row-1 fusion-flex-container has-pattern-background has-mask-background nonhundred-percent-fullwidth non-hundred-percent-height-scrolling\" style=\"--awb-border-radius-top-left:0px;--awb-border-radius-top-right:0px;--awb-border-radius-bottom-right:0px;--awb-border-radius-bottom-left:0px;--awb-padding-top-medium:0px;--awb-margin-top-medium:0px;--awb-margin-bottom-medium:0px;--awb-flex-wrap:wrap;\" ><div class=\"fusion-builder-row fusion-row fusion-flex-align-items-flex-start fusion-flex-content-wrap\" style=\"max-width:1248px;margin-left: calc(-4% \/ 2 );margin-right: calc(-4% \/ 2 );\"><div class=\"fusion-layout-column fusion_builder_column fusion-builder-column-0 fusion_builder_column_1_1 1_1 fusion-flex-column\" style=\"--awb-bg-size:cover;--awb-width-large:100%;--awb-margin-top-large:0px;--awb-spacing-right-large:1.92%;--awb-margin-bottom-large:20px;--awb-spacing-left-large:1.92%;--awb-width-medium:100%;--awb-order-medium:0;--awb-spacing-right-medium:1.92%;--awb-spacing-left-medium:1.92%;--awb-width-small:100%;--awb-order-small:0;--awb-spacing-right-small:1.92%;--awb-spacing-left-small:1.92%;\"><div class=\"fusion-column-wrapper fusion-column-has-shadow fusion-flex-justify-content-flex-start fusion-content-layout-column\"><div class=\"fusion-title title fusion-title-1 fusion-sep-none fusion-title-text fusion-title-size-one\" style=\"--awb-margin-top:42px;--awb-margin-top-medium:0px;--awb-margin-bottom-medium:0px;\"><h1 class=\"fusion-title-heading title-heading-left\" style=\"margin:0;\"><h1 class=\"section-title\" style=\"margin-top: 0px; margin-bottom: 0px;\">Pol\u00edtica de cookies<\/h1><\/h1><\/div><div class=\"fusion-title title fusion-title-2 fusion-sep-none fusion-title-text fusion-title-size-three\"><h3 class=\"fusion-title-heading title-heading-left\" style=\"margin:0;\"><h4 class=\"elementor-heading-title elementor-size-default\"><strong>Pol\u00edtica de cookies de martrocatala.com<\/strong><\/h4><\/h3><\/div><div class=\"fusion-text fusion-text-1\"><p>En <a href=\"https:\/\/martrocatala.com\/es\/\">martrocatala.com<\/a> utilizamos cookies con el objetivo de prestarle un mejor servicio y proporcionarte una mejor experiencia en tu navegaci\u00f3n. Queremos informarte de forma clara y precisa sobre las cookies que utilizamos, detallando a continuaci\u00f3n, que es una cookie, para que sirve, qu\u00e9 tipos de cookies utilizamos, cu\u00e1les son su finalidad y c\u00f3mo puedes configurarlas o deshabilitarlas si as\u00ed lo deseas.<\/p>\n<h4><strong>\u00bfQu\u00e9 es una cookie y para qu\u00e9 sirve?<\/strong><\/h4>\n<p>Una \u201cCookie\u201d es un peque\u00f1o archivo que se almacena en el ordenador del usuario, tableta, smartphone o cualquier otro dispositivo con informaci\u00f3n sobre la navegaci\u00f3n. El conjunto de cookies de todos nuestros usuarios nos ayuda a mejorar la calidad de nuestra web, permitiendo controlar qu\u00e9 p\u00e1ginas son \u00fatiles, cu\u00e1les no y cu\u00e1les son susceptibles de mejora. Las cookies son esenciales para el funcionamiento de internet, aportando innumerables ventajas en la prestaci\u00f3n de servicios interactivos, facilit\u00e1ndote la navegaci\u00f3n y usabilidad de nuestra web. En ning\u00fan caso las cookies podr\u00edan da\u00f1ar a tu equipo. Por el contrario, lo que est\u00e9n activas nos ayuda a identificar y resolver errores.<\/p>\n<h4><strong>\u00bfQu\u00e9 tipos de cookies utilizamos?<\/strong><\/h4>\n<p><strong>Seg\u00fan la entidad que la gestiona:<\/strong><br \/>\n\u2022\u00a0<strong>Cookies propias:<\/strong>\u00a0Son aqu\u00e9llas que se env\u00edan a tu equipo desde nuestros propios equipos o dominios y desde el que prestamos el servicio que nos solicitas.<\/p>\n<p>\u2022\u00a0<strong>Cookies<\/strong><strong>\u00a0de terceros:<\/strong>\u00a0Son aqu\u00e9llas que se env\u00edan a tu equipo desde un equipo o dominio que no es gestionado por nosotros, sino por otra entidad colaboradora. Como, por ejemplo, las utilizadas por redes sociales, o por contenido externo como Google Maps.<\/p>\n<p><strong>Seg\u00fan el plazo de tiempo que permanecen activadas:<\/strong><br \/>\n\u2022\u00a0<strong>Cookies de sesi\u00f3n:<\/strong>\u00a0Son cookies temporales que permanecen en el archivo de cookies de tu navegador hasta que abandonas la p\u00e1gina web, por lo que ninguna queda registrada en el disco duro de tu ordenador. La informaci\u00f3n obtenida por medio de estas cookies sirven para analizar pautas de tr\u00e1fico en la web. A la larga, esto nos permite proporcionar una mejor experiencia para mejorar su contenido y facilitar su uso.<\/p>\n<p>\u2022\u00a0<strong>Cookies persistentes:<\/strong>\u00a0son almacenadas en el disco duro y nuestra web las lee cada vez que realizas una nueva visita. Una web permanente tiene una fecha de expiraci\u00f3n determinada. La cookie dejar\u00e1 de funcionar despu\u00e9s de esa fecha. Estas cookies las utilizamos, por lo general, para facilitar los servicios de compra y registro.<\/p>\n<p><strong>Seg\u00fan la finalidad:<\/strong><br \/>\n\u2022\u00a0<strong>Cookies t\u00e9cnicas:<\/strong>\u00a0Son aquellas necesarias para la navegaci\u00f3n y buen funcionamiento de nuestra p\u00e1gina web. Permiten, por ejemplo, controlar el tr\u00e1fico y la comunicaci\u00f3n de datos, acceder a partes de acceso restringido, realizar el proceso de compra de un pedido, utilizar elementos de seguridad, almacenar contenidos para poder difundir v\u00eddeos o compartir contenidos a trav\u00e9s de redes sociales.<\/p>\n<p>\u2022\u00a0<strong>Cookies de personalizaci\u00f3n:<\/strong>\u00a0Son aquellas que te permiten acceder al servicio con unas caracter\u00edsticas predefinidas en funci\u00f3n de una serie de criterios, como el idioma, el tipo de navegador a trav\u00e9s del cual se accede al servicio, la configuraci\u00f3n regional desde la que se accede al servicio, etc.<\/p>\n<p>\u2022\u00a0<strong>Cookies de an\u00e1lisis:<\/strong>\u00a0Son aquellas que nos permiten cuantificar el n\u00famero de usuarios y as\u00ed realizar la medici\u00f3n y el an\u00e1lisis estad\u00edstico de la utilizaci\u00f3n que hacen los usuarios de los servicios prestados. Por eso se analiza su navegaci\u00f3n en nuestra p\u00e1gina web para mejorar la oferta de productos y servicios que ofrecemos.<\/p>\n<p>\u2022\u00a0<strong>Cookies publicitarias:<\/strong>\u00a0Son aquellas que permiten la gesti\u00f3n, de la forma m\u00e1s eficaz posible, de los espacios publicitarios que se pudieran incluir en nuestra p\u00e1gina web. \u2013 Cookies de publicidad comportamental: Estas cookies almacenan informaci\u00f3n del comportamiento de los usuarios obtenida a trav\u00e9s de la observaci\u00f3n continua. Gracias a ellas, podemos conocer los h\u00e1bitos de navegaci\u00f3n en internet y mostrarle publicidad relacionada con tu perfil de navegaci\u00f3n.<\/p>\n<h4><strong>\u00bfC\u00f3mo puedes configurar o deshabilitar las cookies?<\/strong><\/h4>\n<p>Puede permitir, bloquear o eliminar las cookies instaladas en su equipo mediante la configuraci\u00f3n de las opciones de su navegador de Internet. En caso de que no permitas la instalaci\u00f3n de cookies en tu navegador, es posible que no puedas acceder a algunos de los servicios y que tu experiencia en nuestra web pueda resultar menos satisfactoria.<\/p>\n<p>En los siguientes enlaces tienes a tu disposici\u00f3n toda la informaci\u00f3n para configurar o deshabilitar tus cookies en cada navegador:<\/p>\n<ul>\n<li><a href=\"http:\/\/support.google.com\/chrome\/answer\/95647?hl=es\">Google Chrome<\/a><\/li>\n<li><a href=\"http:\/\/support.mozilla.org\/es\/kb\/habilitar-y-deshabilitar-cookies-que-los-sitios-we\">Mozilla Firefox<\/a><\/li>\n<li><a href=\"http:\/\/windows.microsoft.com\/es-es\/windows-vista\/block-or-allow-cookies\">Internet Explorer<\/a><\/li>\n<li><a href=\"http:\/\/support.apple.com\/kb\/ph5042?viewlocale=es_es\">Safari<\/a><\/li>\n<li><a href=\"http:\/\/support.apple.com\/kb\/ht1677?viewlocale=es_es\">Safari para IOS<\/a>\u00a0(iPhone y iPad)<\/li>\n<li><a href=\"http:\/\/support.google.com\/chrome\/answer\/2392971?hl=es\">Chrome para Android<\/a><\/li>\n<\/ul>\n<h5><\/h5>\n<h4><strong>Consentimiento<\/strong><\/h4>\n<p>En <a href=\"https:\/\/martrocatala.com\/es\/\">martrocatala.com<\/a> nunca guardamos los datos personales de nuestros usuarios, a excepci\u00f3n de la direcci\u00f3n IP de acuerdo con lo descrito anteriormente, excepto aquellos que se aportan en el momento del registro y con las finalidades expuestas en el<a href=\"https:\/\/martrocatala.com\/es\/avis-legal-i-politica-de-privacitat\/\">Aviso Legal y la Pol\u00edtica de Privacidad<\/a>.<\/p>\n<p>Al navegar y continuar en nuestra web nos indicas que est\u00e1s consintiendo el uso de las cookies antes enunciadas, y en las condiciones contenidas en la presente Pol\u00edtica de Cookies.<\/p>\n<\/div><\/div><\/div><\/div><\/div>","protected":false},"excerpt":{"rendered":"","protected":false},"author":1,"featured_media":0,"parent":0,"menu_order":0,"comment_status":"closed","ping_status":"closed","template":"100-width.php","meta":{"inline_featured_image":false,"footnotes":""},"class_list":["post-1295","page","type-page","status-publish","hentry"],"yoast_head":"<!-- This site is optimized with the Yoast SEO plugin v21.7 - https:\/\/yoast.com\/wordpress\/plugins\/seo\/ -->\n<title>Pol\u00edtica de cookies - Matr\u00f3 Catal\u00e0 Arquitectes<\/title>\n<meta name=\"robots\" content=\"index, follow, max-snippet:-1, max-image-preview:large, max-video-preview:-1\" \/>\n<link rel=\"canonical\" href=\"https:\/\/martrocatala.com\/es\/politica-de-cookies\/\" \/>\n<meta property=\"og:locale\" content=\"es_ES\" \/>\n<meta property=\"og:type\" content=\"article\" \/>\n<meta property=\"og:title\" content=\"Pol\u00edtica de cookies - Matr\u00f3 Catal\u00e0 Arquitectes\" \/>\n<meta property=\"og:url\" content=\"https:\/\/martrocatala.com\/es\/politica-de-cookies\/\" \/>\n<meta property=\"og:site_name\" content=\"Matr\u00f3 Catal\u00e0 Arquitectes\" \/>\n<meta property=\"article:modified_time\" content=\"2023-12-13T14:38:46+00:00\" \/>\n<meta name=\"twitter:card\" content=\"summary_large_image\" \/>\n<meta name=\"twitter:label1\" content=\"Tiempo de lectura\" \/>\n\t<meta name=\"twitter:data1\" content=\"5 minutos\" \/>\n<script type=\"application\/ld+json\" class=\"yoast-schema-graph\">{\"@context\":\"https:\/\/schema.org\",\"@graph\":[{\"@type\":\"WebPage\",\"@id\":\"https:\/\/martrocatala.com\/politica-de-cookies\/\",\"url\":\"https:\/\/martrocatala.com\/politica-de-cookies\/\",\"name\":\"Pol\u00edtica de cookies - Matr\u00f3 Catal\u00e0 Arquitectes\",\"isPartOf\":{\"@id\":\"https:\/\/martrocatala.com\/#website\"},\"datePublished\":\"2023-11-28T14:58:49+00:00\",\"dateModified\":\"2023-12-13T14:38:46+00:00\",\"breadcrumb\":{\"@id\":\"https:\/\/martrocatala.com\/politica-de-cookies\/#breadcrumb\"},\"inLanguage\":\"es\",\"potentialAction\":[{\"@type\":\"ReadAction\",\"target\":[\"https:\/\/martrocatala.com\/politica-de-cookies\/\"]}]},{\"@type\":\"BreadcrumbList\",\"@id\":\"https:\/\/martrocatala.com\/politica-de-cookies\/#breadcrumb\",\"itemListElement\":[{\"@type\":\"ListItem\",\"position\":1,\"name\":\"Inici\",\"item\":\"https:\/\/martrocatala.com\/\"},{\"@type\":\"ListItem\",\"position\":2,\"name\":\"Pol\u00edtica de cookies\"}]},{\"@type\":\"WebSite\",\"@id\":\"https:\/\/martrocatala.com\/#website\",\"url\":\"https:\/\/martrocatala.com\/\",\"name\":\"Matr\u00f3 Catal\u00e0 Arquitectes\",\"description\":\"\",\"potentialAction\":[{\"@type\":\"SearchAction\",\"target\":{\"@type\":\"EntryPoint\",\"urlTemplate\":\"https:\/\/martrocatala.com\/?s={search_term_string}\"},\"query-input\":\"required name=search_term_string\"}],\"inLanguage\":\"es\"}]}<\/script>\n<!-- \/ Yoast SEO plugin. -->","yoast_head_json":{"title":"Pol\u00edtica de cookies - Matr\u00f3 Catal\u00e0 Arquitectes","robots":{"index":"index","follow":"follow","max-snippet":"max-snippet:-1","max-image-preview":"max-image-preview:large","max-video-preview":"max-video-preview:-1"},"canonical":"https:\/\/martrocatala.com\/es\/politica-de-cookies\/","og_locale":"es_ES","og_type":"article","og_title":"Pol\u00edtica de cookies - Matr\u00f3 Catal\u00e0 Arquitectes","og_url":"https:\/\/martrocatala.com\/es\/politica-de-cookies\/","og_site_name":"Matr\u00f3 Catal\u00e0 Arquitectes","article_modified_time":"2023-12-13T14:38:46+00:00","twitter_card":"summary_large_image","twitter_misc":{"Tiempo de lectura":"5 minutos"},"schema":{"@context":"https:\/\/schema.org","@graph":[{"@type":"WebPage","@id":"https:\/\/martrocatala.com\/politica-de-cookies\/","url":"https:\/\/martrocatala.com\/politica-de-cookies\/","name":"Pol\u00edtica de cookies - Matr\u00f3 Catal\u00e0 Arquitectes","isPartOf":{"@id":"https:\/\/martrocatala.com\/#website"},"datePublished":"2023-11-28T14:58:49+00:00","dateModified":"2023-12-13T14:38:46+00:00","breadcrumb":{"@id":"https:\/\/martrocatala.com\/politica-de-cookies\/#breadcrumb"},"inLanguage":"es","potentialAction":[{"@type":"ReadAction","target":["https:\/\/martrocatala.com\/politica-de-cookies\/"]}]},{"@type":"BreadcrumbList","@id":"https:\/\/martrocatala.com\/politica-de-cookies\/#breadcrumb","itemListElement":[{"@type":"ListItem","position":1,"name":"Inici","item":"https:\/\/martrocatala.com\/"},{"@type":"ListItem","position":2,"name":"Pol\u00edtica de cookies"}]},{"@type":"WebSite","@id":"https:\/\/martrocatala.com\/#website","url":"https:\/\/martrocatala.com\/","name":"Matr\u00f3 Catal\u00e0 Arquitectes","description":"","potentialAction":[{"@type":"SearchAction","target":{"@type":"EntryPoint","urlTemplate":"https:\/\/martrocatala.com\/?s={search_term_string}"},"query-input":"required name=search_term_string"}],"inLanguage":"es"}]}},"_links":{"self":[{"href":"https:\/\/martrocatala.com\/es\/wp-json\/wp\/v2\/pages\/1295","targetHints":{"allow":["GET"]}}],"collection":[{"href":"https:\/\/martrocatala.com\/es\/wp-json\/wp\/v2\/pages"}],"about":[{"href":"https:\/\/martrocatala.com\/es\/wp-json\/wp\/v2\/types\/page"}],"author":[{"embeddable":true,"href":"https:\/\/martrocatala.com\/es\/wp-json\/wp\/v2\/users\/1"}],"replies":[{"embeddable":true,"href":"https:\/\/martrocatala.com\/es\/wp-json\/wp\/v2\/comments?post=1295"}],"version-history":[{"count":15,"href":"https:\/\/martrocatala.com\/es\/wp-json\/wp\/v2\/pages\/1295\/revisions"}],"predecessor-version":[{"id":1373,"href":"https:\/\/martrocatala.com\/es\/wp-json\/wp\/v2\/pages\/1295\/revisions\/1373"}],"wp:attachment":[{"href":"https:\/\/martrocatala.com\/es\/wp-json\/wp\/v2\/media?parent=1295"}],"curies":[{"name":"wp","href":"https:\/\/api.w.org\/{rel}","templated":true}]}}