{"id":3,"date":"2023-10-04T15:21:38","date_gmt":"2023-10-04T13:21:38","guid":{"rendered":"http:\/\/martrocatala.com\/?page_id=3"},"modified":"2023-12-13T16:39:31","modified_gmt":"2023-12-13T14:39:31","slug":"avis-legal-i-politica-de-privacitat","status":"publish","type":"page","link":"https:\/\/martrocatala.com\/es\/avis-legal-i-politica-de-privacitat\/","title":{"rendered":"Aviso legal y pol\u00edtica de privacidad"},"content":{"rendered":"<div class=\"fusion-fullwidth fullwidth-box fusion-builder-row-1 fusion-flex-container has-pattern-background has-mask-background nonhundred-percent-fullwidth non-hundred-percent-height-scrolling\" style=\"--awb-border-radius-top-left:0px;--awb-border-radius-top-right:0px;--awb-border-radius-bottom-right:0px;--awb-border-radius-bottom-left:0px;--awb-padding-top:0px;--awb-flex-wrap:wrap;\" ><div class=\"fusion-builder-row fusion-row fusion-flex-align-items-flex-start fusion-flex-content-wrap\" style=\"max-width:1248px;margin-left: calc(-4% \/ 2 );margin-right: calc(-4% \/ 2 );\"><div class=\"fusion-layout-column fusion_builder_column fusion-builder-column-0 fusion_builder_column_1_1 1_1 fusion-flex-column\" style=\"--awb-bg-size:cover;--awb-width-large:100%;--awb-margin-top-large:0px;--awb-spacing-right-large:1.92%;--awb-margin-bottom-large:0px;--awb-spacing-left-large:1.92%;--awb-width-medium:100%;--awb-spacing-right-medium:1.92%;--awb-spacing-left-medium:1.92%;--awb-width-small:100%;--awb-spacing-right-small:1.92%;--awb-spacing-left-small:1.92%;\"><div class=\"fusion-column-wrapper fusion-flex-justify-content-flex-start fusion-content-layout-column\"><div class=\"fusion-title title fusion-title-1 fusion-sep-none fusion-title-text fusion-title-size-one\"><h1 class=\"fusion-title-heading title-heading-left\" style=\"margin:0;\"><h1 class=\"section-title\" style=\"margin-top: 0px; margin-bottom: 0px;\">Aviso legal y pol\u00edtica de privacidad<\/h1><\/h1><\/div><div class=\"fusion-text fusion-text-1\"><h3 class=\"elementor-heading-title elementor-size-default\"><strong>Informaci\u00f3n b\u00e1sica sobre la protecci\u00f3n de datos<\/strong><\/h3>\n<p><strong>Sitio web:<\/strong> <a href=\"https:\/\/martrocatala.com\/es\/\">martrocatala.com<\/a><\/p>\n<p><strong>Titular del sitio web:<\/strong> Roger Martr\u00f3 Catal\u00e0<\/p>\n<p><strong>Direcci\u00f3n postal:<\/strong> Calle Uni\u00f3, 29 \u2013 08520 \u2013 Les Franqueses del Vall\u00e8s<\/p>\n<p><strong>Tel\u00e9fono: <\/strong><a href=\"tel:627938639\">627 938 639<\/a><\/p>\n<p><strong>Correo electr\u00f3nico:<\/strong> <a href=\"mailto:info@martrocatala.com\">info@martrocatala.com<\/a><\/p>\n<p><strong>Legitimaci\u00f3n:<\/strong>\u00a0Consentimiento otorgado por el usuario<\/p>\n<p><strong>Edad legal consentimiento:<\/strong>\u00a0El Usuario certifica que es mayor de 14 a\u00f1os y que por tanto posee la capacidad legal necesaria para la prestaci\u00f3n del consentimiento en cuanto al tratamiento de sus datos de car\u00e1cter personal y todo ello, de conformidad con lo establecido en esta Pol\u00edtica de Privacidad.<\/p>\n<p><strong>Destinatarios:<\/strong>\u00a0Se comunicar\u00e1n datos a terceros para poder realizar las finalidades descritas en esta pol\u00edtica de privacidad. En ning\u00fan caso se ceder\u00e1n datos a terceros para finalidades distintas de las descritas en este documento.<\/p>\n<p><strong>Derechos:<\/strong>\u00a0Acceder, rectificar y suprimir los datos, as\u00ed como otros derechos, como se explica en la informaci\u00f3n adicional.<\/p>\n<h4><strong>\u00bfCon qu\u00e9 finalidad trataremos sus datos de car\u00e1cter personal y durante cu\u00e1nto tiempo los conservaremos?<\/strong><\/h4>\n<p>La empresa tratar\u00e1 sus datos de car\u00e1cter personal exclusivamente para fines determinados, expl\u00edcitos y leg\u00edtimos, y no ser\u00e1n tratados de forma incompatible con estos fines.<\/p>\n<p><strong>Finalidad 1<\/strong><\/p>\n<p>Gesti\u00f3n, estudio y resoluci\u00f3n de consultas efectuadas a trav\u00e9s de la web. La empresa conservar\u00e1 los datos de car\u00e1cter personal el tiempo necesario seg\u00fan la informaci\u00f3n facilitada y los plazos de conservaci\u00f3n recogidos en normativas que resulten de aplicaci\u00f3n.<\/p>\n<p><strong>Finalidad 2<\/strong><\/p>\n<p>Informaci\u00f3n comercial y servicios.<\/p>\n<h4><strong>\u00bfCu\u00e1l es la legitimaci\u00f3n para el tratamiento de sus datos?<\/strong><\/h4>\n<p>La base legal para el tratamiento de sus datos es el consentimiento que nos otorga al marcar la casilla en la que acepta nuestra pol\u00edtica de privacidad.<\/p>\n<h4><strong>\u00bfA qu\u00e9 destinatarios se comunicar\u00e1n sus datos?<\/strong><\/h4>\n<p>Los datos son confidenciales y no se ceder\u00e1n a terceros, salvo que exista una obligaci\u00f3n legal.<\/p>\n<h4><strong>\u00bfCu\u00e1les son sus derechos cuando nos facilita sus datos?<\/strong><\/h4>\n<p>Cualquier persona tiene derecho a obtener confirmaci\u00f3n sobre si en la empresa estamos tratando datos personales que les conciernan, o no.<\/p>\n<p>En concreto, puede dirigirse a la empresa a su direcci\u00f3n postal, o bien, a la direcci\u00f3n de correo electr\u00f3nico <a href=\"mailto:info@martrocatala.com\">info@martrocatala.com<\/a>\u00a0con el fin de ejercer los siguientes derechos:<\/p>\n<ul>\n<li>Derecho a solicitar el acceso a los datos personales relativos al interesado.<\/li>\n<li>Derecho a solicitar su rectificaci\u00f3n o supresi\u00f3n.<\/li>\n<li>Derecho a solicitar la limitaci\u00f3n del tratamiento.<\/li>\n<li>Derecho a oponerse al tratamiento.<\/li>\n<li>Derecho a la portabilidad de los datos.<\/li>\n<\/ul>\n<p>Puede solicitar los formularios necesarios para el ejercicio de estos derechos enviando un correo electr\u00f3nico a <a href=\"mailto:info@martrocatala.com\">info@martrocatala.com<\/a>. Dado el car\u00e1cter personal\u00edsimo del ejercicio de cualquiera de estos derechos debe adjuntar a la solicitud copia de su carn\u00e9 de identidad o documento acreditativo equivalente. Puede dirigirse a la Agencia Espa\u00f1ola de protecci\u00f3n de Datos para obtener informaci\u00f3n adicional sobre sus derechos o presentar una reclamaci\u00f3n ante la misma, especialmente cuando no ha obtenido satisfacci\u00f3n en el ejercicio de sus derechos, obteniendo toda la informaci\u00f3n necesaria para a esto a trav\u00e9s de la web\u00a0<a href=\"http:\/\/www.agpd.es\/\">www.agpd.es<\/a>.<\/p>\n<\/div><\/div><\/div><\/div><\/div>","protected":false},"excerpt":{"rendered":"","protected":false},"author":1,"featured_media":0,"parent":0,"menu_order":0,"comment_status":"closed","ping_status":"open","template":"","meta":{"inline_featured_image":false,"footnotes":""},"class_list":["post-3","page","type-page","status-publish","hentry"],"yoast_head":"<!-- This site is optimized with the Yoast SEO plugin v21.7 - https:\/\/yoast.com\/wordpress\/plugins\/seo\/ -->\n<title>Av\u00eds legal i pol\u00edtica de privacitat - Matr\u00f3 Catal\u00e0 Arquitectes<\/title>\n<meta name=\"robots\" content=\"index, follow, max-snippet:-1, max-image-preview:large, max-video-preview:-1\" \/>\n<link rel=\"canonical\" href=\"https:\/\/martrocatala.com\/es\/avis-legal-i-politica-de-privacitat\/\" \/>\n<meta property=\"og:locale\" content=\"es_ES\" \/>\n<meta property=\"og:type\" content=\"article\" \/>\n<meta property=\"og:title\" content=\"Av\u00eds legal i pol\u00edtica de privacitat - Matr\u00f3 Catal\u00e0 Arquitectes\" \/>\n<meta property=\"og:url\" content=\"https:\/\/martrocatala.com\/es\/avis-legal-i-politica-de-privacitat\/\" \/>\n<meta property=\"og:site_name\" content=\"Matr\u00f3 Catal\u00e0 Arquitectes\" \/>\n<meta property=\"article:modified_time\" content=\"2023-12-13T14:39:31+00:00\" \/>\n<meta name=\"twitter:card\" content=\"summary_large_image\" \/>\n<meta name=\"twitter:label1\" content=\"Tiempo de lectura\" \/>\n\t<meta name=\"twitter:data1\" content=\"3 minutos\" \/>\n<script type=\"application\/ld+json\" class=\"yoast-schema-graph\">{\"@context\":\"https:\/\/schema.org\",\"@graph\":[{\"@type\":\"WebPage\",\"@id\":\"https:\/\/martrocatala.com\/avis-legal-i-politica-de-privacitat\/\",\"url\":\"https:\/\/martrocatala.com\/avis-legal-i-politica-de-privacitat\/\",\"name\":\"Av\u00eds legal i pol\u00edtica de privacitat - Matr\u00f3 Catal\u00e0 Arquitectes\",\"isPartOf\":{\"@id\":\"https:\/\/martrocatala.com\/#website\"},\"datePublished\":\"2023-10-04T13:21:38+00:00\",\"dateModified\":\"2023-12-13T14:39:31+00:00\",\"breadcrumb\":{\"@id\":\"https:\/\/martrocatala.com\/avis-legal-i-politica-de-privacitat\/#breadcrumb\"},\"inLanguage\":\"es\",\"potentialAction\":[{\"@type\":\"ReadAction\",\"target\":[\"https:\/\/martrocatala.com\/avis-legal-i-politica-de-privacitat\/\"]}]},{\"@type\":\"BreadcrumbList\",\"@id\":\"https:\/\/martrocatala.com\/avis-legal-i-politica-de-privacitat\/#breadcrumb\",\"itemListElement\":[{\"@type\":\"ListItem\",\"position\":1,\"name\":\"Inici\",\"item\":\"https:\/\/martrocatala.com\/\"},{\"@type\":\"ListItem\",\"position\":2,\"name\":\"Av\u00eds legal i pol\u00edtica de privacitat\"}]},{\"@type\":\"WebSite\",\"@id\":\"https:\/\/martrocatala.com\/#website\",\"url\":\"https:\/\/martrocatala.com\/\",\"name\":\"Matr\u00f3 Catal\u00e0 Arquitectes\",\"description\":\"\",\"potentialAction\":[{\"@type\":\"SearchAction\",\"target\":{\"@type\":\"EntryPoint\",\"urlTemplate\":\"https:\/\/martrocatala.com\/?s={search_term_string}\"},\"query-input\":\"required name=search_term_string\"}],\"inLanguage\":\"es\"}]}<\/script>\n<!-- \/ Yoast SEO plugin. -->","yoast_head_json":{"title":"Av\u00eds legal i pol\u00edtica de privacitat - Matr\u00f3 Catal\u00e0 Arquitectes","robots":{"index":"index","follow":"follow","max-snippet":"max-snippet:-1","max-image-preview":"max-image-preview:large","max-video-preview":"max-video-preview:-1"},"canonical":"https:\/\/martrocatala.com\/es\/avis-legal-i-politica-de-privacitat\/","og_locale":"es_ES","og_type":"article","og_title":"Av\u00eds legal i pol\u00edtica de privacitat - Matr\u00f3 Catal\u00e0 Arquitectes","og_url":"https:\/\/martrocatala.com\/es\/avis-legal-i-politica-de-privacitat\/","og_site_name":"Matr\u00f3 Catal\u00e0 Arquitectes","article_modified_time":"2023-12-13T14:39:31+00:00","twitter_card":"summary_large_image","twitter_misc":{"Tiempo de lectura":"3 minutos"},"schema":{"@context":"https:\/\/schema.org","@graph":[{"@type":"WebPage","@id":"https:\/\/martrocatala.com\/avis-legal-i-politica-de-privacitat\/","url":"https:\/\/martrocatala.com\/avis-legal-i-politica-de-privacitat\/","name":"Av\u00eds legal i pol\u00edtica de privacitat - Matr\u00f3 Catal\u00e0 Arquitectes","isPartOf":{"@id":"https:\/\/martrocatala.com\/#website"},"datePublished":"2023-10-04T13:21:38+00:00","dateModified":"2023-12-13T14:39:31+00:00","breadcrumb":{"@id":"https:\/\/martrocatala.com\/avis-legal-i-politica-de-privacitat\/#breadcrumb"},"inLanguage":"es","potentialAction":[{"@type":"ReadAction","target":["https:\/\/martrocatala.com\/avis-legal-i-politica-de-privacitat\/"]}]},{"@type":"BreadcrumbList","@id":"https:\/\/martrocatala.com\/avis-legal-i-politica-de-privacitat\/#breadcrumb","itemListElement":[{"@type":"ListItem","position":1,"name":"Inici","item":"https:\/\/martrocatala.com\/"},{"@type":"ListItem","position":2,"name":"Av\u00eds legal i pol\u00edtica de privacitat"}]},{"@type":"WebSite","@id":"https:\/\/martrocatala.com\/#website","url":"https:\/\/martrocatala.com\/","name":"Matr\u00f3 Catal\u00e0 Arquitectes","description":"","potentialAction":[{"@type":"SearchAction","target":{"@type":"EntryPoint","urlTemplate":"https:\/\/martrocatala.com\/?s={search_term_string}"},"query-input":"required name=search_term_string"}],"inLanguage":"es"}]}},"_links":{"self":[{"href":"https:\/\/martrocatala.com\/es\/wp-json\/wp\/v2\/pages\/3","targetHints":{"allow":["GET"]}}],"collection":[{"href":"https:\/\/martrocatala.com\/es\/wp-json\/wp\/v2\/pages"}],"about":[{"href":"https:\/\/martrocatala.com\/es\/wp-json\/wp\/v2\/types\/page"}],"author":[{"embeddable":true,"href":"https:\/\/martrocatala.com\/es\/wp-json\/wp\/v2\/users\/1"}],"replies":[{"embeddable":true,"href":"https:\/\/martrocatala.com\/es\/wp-json\/wp\/v2\/comments?post=3"}],"version-history":[{"count":7,"href":"https:\/\/martrocatala.com\/es\/wp-json\/wp\/v2\/pages\/3\/revisions"}],"predecessor-version":[{"id":1375,"href":"https:\/\/martrocatala.com\/es\/wp-json\/wp\/v2\/pages\/3\/revisions\/1375"}],"wp:attachment":[{"href":"https:\/\/martrocatala.com\/es\/wp-json\/wp\/v2\/media?parent=3"}],"curies":[{"name":"wp","href":"https:\/\/api.w.org\/{rel}","templated":true}]}}