{"id":953,"date":"2023-11-28T11:52:51","date_gmt":"2023-11-28T09:52:51","guid":{"rendered":"https:\/\/martrocatala.com\/?page_id=953"},"modified":"2023-12-13T16:43:58","modified_gmt":"2023-12-13T14:43:58","slug":"declaracio-accessibilitat","status":"publish","type":"page","link":"https:\/\/martrocatala.com\/es\/declaracio-accessibilitat\/","title":{"rendered":"Pol\u00edtica de Accesibilidad"},"content":{"rendered":"<div class=\"fusion-fullwidth fullwidth-box fusion-builder-row-1 fusion-flex-container has-pattern-background has-mask-background nonhundred-percent-fullwidth non-hundred-percent-height-scrolling\" style=\"--awb-border-radius-top-left:0px;--awb-border-radius-top-right:0px;--awb-border-radius-bottom-right:0px;--awb-border-radius-bottom-left:0px;--awb-padding-top-medium:0px;--awb-flex-wrap:wrap;\" ><div class=\"fusion-builder-row fusion-row fusion-flex-align-items-flex-start fusion-flex-content-wrap\" style=\"max-width:1248px;margin-left: calc(-4% \/ 2 );margin-right: calc(-4% \/ 2 );\"><div class=\"fusion-layout-column fusion_builder_column fusion-builder-column-0 fusion_builder_column_1_1 1_1 fusion-flex-column\" style=\"--awb-bg-size:cover;--awb-width-large:100%;--awb-margin-top-large:0px;--awb-spacing-right-large:1.92%;--awb-margin-bottom-large:20px;--awb-spacing-left-large:1.92%;--awb-width-medium:100%;--awb-order-medium:0;--awb-spacing-right-medium:1.92%;--awb-spacing-left-medium:1.92%;--awb-width-small:100%;--awb-order-small:0;--awb-spacing-right-small:1.92%;--awb-spacing-left-small:1.92%;\"><div class=\"fusion-column-wrapper fusion-column-has-shadow fusion-flex-justify-content-flex-start fusion-content-layout-column\"><div class=\"fusion-title title fusion-title-1 fusion-sep-none fusion-title-text fusion-title-size-one\" style=\"--awb-margin-top:42px;\"><h1 class=\"fusion-title-heading title-heading-left\" style=\"margin:0;\"><h1 class=\"section-title\" style=\"margin-top: 0px; margin-bottom: 0px;\">Pol\u00edtica de Accesibilidad<\/h1><\/h1><\/div><div class=\"fusion-title title fusion-title-2 fusion-sep-none fusion-title-text fusion-title-size-three\"><h3 class=\"fusion-title-heading title-heading-left\" style=\"margin:0;\"><h3 class=\"elementor-heading-title elementor-size-default\"><strong>Declaraci\u00f3n de Accesibilidad de martrocatala.com<\/strong><\/h3><\/h3><\/div><div class=\"fusion-text fusion-text-1\"><p><strong>Roger Martr\u00f3 Catal\u00e0\u00a0<\/strong>se ha comprometido a hacer accesibles su sitio web de conformidad con los criterios de accesibilidad del Programa Kit Digital, conforme a los anexos de la norma\u00a0<strong>UNE-EN 301 549:2022<\/strong>.<\/p>\n<p>La presente declaraci\u00f3n de accesibilidad se aplica al sitio web <a href=\"https:\/\/martrocatala.com\/es\/\">matrocatala.com<\/a> (los subdominios de este sitio web tendr\u00e1n sus propias declaraciones de accesibilidad).<\/p>\n<h4><strong>Situaci\u00f3n de cumplimiento<\/strong><\/h4>\n<p>Este sitio es parcialmente conforme estando los aspectos de accesibilidad con los que se conforma la presente web.<\/p>\n<h4><strong>Contenido no accesible<\/strong><\/h4>\n<p>En cambio, el contenido de los puntos que se recogen a continuaci\u00f3n no son accesibles por los siguientes motivos:<\/p>\n<p><strong>9.1.1.1 Contenido no textual.<\/strong><\/p>\n<p>Cuando las TIC sean una p\u00e1gina web.<\/p>\n<p>Todo contenido no textual que se presenta al usuario tiene una alternativa textual que cumple el mismo prop\u00f3sito, excepto en las situaciones enumeradas a continuaci\u00f3n:<\/p>\n<ul>\n<li>Controles, Entrada de datos: Si el contenido no textual es un control o acepta datos introducidos por el usuario, entonces tiene un nombre que describe el prop\u00f3sito.<\/li>\n<li>Contenido multimedia tempo dependiente: Si el contenido no textual es una presentaci\u00f3n multimedia con desarrollo temporal, entonces las alternativas textuales proporcionan al menos una identificaci\u00f3n descriptiva del contenido no textual.<\/li>\n<li>Pruebas: Si el contenido no textual es una prueba o ejercicio que no ser\u00eda v\u00e1lido si se presentara en forma de texto, entonces las alternativas textuales proporcionar\u00e1n al menos una identificaci\u00f3n descriptiva del contenido no textual.<\/li>\n<li>Sensorial: Si el contenido no textual tiene como objetivo principal crear una experiencia sensorial espec\u00edfica, entonces las alternativas textuales proporcionan al menos una identificaci\u00f3n descriptiva del contenido no textual.<\/li>\n<li>CAPTCHA: Si el prop\u00f3sito del contenido no textual es confirmar que quien est\u00e1 accediendo al contenido es una persona y no una computadora, entonces se proporcionar\u00e1n alternativas textuales que identifica y describe el prop\u00f3sito del contenido no textual y se proporcionan formas alternativas de CAPTCHA con m\u00f3dulos de salida para distintos tipos de percepciones sensoriales, con el fin de acomodarse a las distintas discapacidades.<\/li>\n<li>Decoraci\u00f3n, Formato, Invisible: Si el contenido no textual es simple decoraci\u00f3n, se utiliza \u00fanicamente para definir el formato visual o no se presenta a los usuarios, entonces se implementa de forma que pueda ser ignorado por las ayudas t\u00e9cnicas.<\/li>\n<\/ul>\n<p><strong>9.1.3.1 Informaci\u00f3n y relaciones.<\/strong><\/p>\n<p>Cuando las TIC sean una p\u00e1gina web.<\/p>\n<p>La informaci\u00f3n, estructura y relaciones comunicadas a trav\u00e9s de la presentaci\u00f3n pueden ser determinadas por software o est\u00e1n disponibles como texto.<\/p>\n<h4><strong>Preparaci\u00f3n de la presente declaraci\u00f3n de accesibilidad<\/strong><\/h4>\n<p>La presente declaraci\u00f3n fue preparada el<strong> 28 de noviembre de 2023<\/strong>.<\/p>\n<p>El m\u00e9todo empleado para preparar la declaraci\u00f3n ha sido una autoevaluaci\u00f3n, potada a cabo por la propia empresa con el apoyo de Equalweb Digital\u00a0<span class=\"hiddenSpellError\">Accessibility<\/span>.<\/p>\n<p>\u00daltima revisi\u00f3n de la declaraci\u00f3n: <strong>28 de noviembre de 2023<\/strong>.<\/p>\n<h4><strong>Observaciones y datos de contacto<\/strong><\/h4>\n<p>Puede realizar comunicaciones sobre requisitos de accesibilidad (art\u00edculo 10.2.a) del Real Decreto 1112\/2018, de 7 de septiembre) como, por ejemplo:<\/p>\n<ul>\n<li>Informar sobre cualquier posible incumplimiento por este sitio web.<\/li>\n<li>Transmitir otras dificultades de acceso al contenido.<\/li>\n<li>Formular cualquier otra consulta o sugerencia de mejora relativa a la accesibilidad del sitio web.<\/li>\n<\/ul>\n<p>A trav\u00e9s de las siguientes v\u00edas:<\/p>\n<ul>\n<li>Correo electr\u00f3nico: <a href=\"mailto:info@martrocatala.com\">info@martrocatala.com<\/a><\/li>\n<li>Tel\u00e9fono: <a href=\"tel:627938639\">627 938 639<\/a><\/li>\n<\/ul>\n<p>Las Comunicaciones ser\u00e1n recibidas y tratadas por el departamento responsable de los contenidos de este sitio web.<\/p>\n<h4><strong>Solicitudes de informaci\u00f3n accesible y quejas<\/strong><\/h4>\n<p>Tambi\u00e9n puede solicitar en formato accesible la informaci\u00f3n que no cumpla con los requisitos de accesibilidad, bien por estar excluida, bien por estar exenta por carga desproporcionada, o formular una queja por incumplimiento de los requisitos de accesibilidad.<\/p>\n<h4><strong>Procedimiento de aplicaci\u00f3n<\/strong><\/h4>\n<p>A trav\u00e9s de este procedimiento podr\u00e1 iniciar una reclamaci\u00f3n para conocer y oponerse a los motivos de la desestimaci\u00f3n de una solicitud de informaci\u00f3n accesible o queja a instar la adopci\u00f3n de las medidas oportunas en caso de no estar de acuerdo con la decisi\u00f3n adoptada, o exponer las razones por las que se considera que la respuesta no cumple con los requisitos exigidos.<\/p>\n<p>Utilice los datos de contacto anteriormente expuestos y la reclamaci\u00f3n ser\u00e1 dirigida a la Unidad responsable de accesibilidad, oa un superior jer\u00e1rquico de la misma.<\/p>\n<h4><strong>Contenido opcional<\/strong><\/h4>\n<p>El sitio web:<\/p>\n<ul>\n<li>Se ha dise\u00f1ado adapt\u00e1ndose a los est\u00e1ndares y normativas vigentes en relaci\u00f3n con la accesibilidad, cumpliendo con los puntos de verificaci\u00f3n de prioridad 2 (AA) definidos en la especificaci\u00f3n de Pautas de Accesibilidad al Contenido en la Web (WCAG 2.1) .<\/li>\n<li>Est\u00e1 optimizado por las \u00faltimas versiones vigentes de Chrome, Edge, Firefox, Safari y Opera.<\/li>\n<li>Est\u00e1 dise\u00f1ado para su correcta visualizaci\u00f3n en cualquier resoluci\u00f3n y dispositivo de escritorio, tableta o m\u00f3viles (dise\u00f1o responsive).<\/li>\n<li>Las tecnolog\u00edas web en las que se basa la conformidad de la accesibilidad del presente sitio son\u00a0<strong>HTML5, CSS, ECMA Script 5, DOM, SVG, as\u00ed como otras tecnolog\u00edas<\/strong>.<\/li>\n<\/ul>\n<p>Adicionalmente, se realiza un trabajo continuo de auditor\u00eda y revisi\u00f3n de contenidos para facilitar su interpretaci\u00f3n y mejorar la navegaci\u00f3n por el portal web.<\/p>\n<\/div><\/div><\/div><\/div><\/div>","protected":false},"excerpt":{"rendered":"","protected":false},"author":1,"featured_media":0,"parent":0,"menu_order":0,"comment_status":"closed","ping_status":"closed","template":"100-width.php","meta":{"inline_featured_image":false,"footnotes":""},"class_list":["post-953","page","type-page","status-publish","hentry"],"yoast_head":"<!-- This site is optimized with the Yoast SEO plugin v21.7 - https:\/\/yoast.com\/wordpress\/plugins\/seo\/ -->\n<title>Pol\u00edtica d&#039;Accessibilitat - Matr\u00f3 Catal\u00e0 Arquitectes<\/title>\n<meta name=\"robots\" content=\"index, follow, max-snippet:-1, max-image-preview:large, max-video-preview:-1\" \/>\n<link rel=\"canonical\" href=\"https:\/\/martrocatala.com\/es\/declaracio-accessibilitat\/\" \/>\n<meta property=\"og:locale\" content=\"es_ES\" \/>\n<meta property=\"og:type\" content=\"article\" \/>\n<meta property=\"og:title\" content=\"Pol\u00edtica d&#039;Accessibilitat - Matr\u00f3 Catal\u00e0 Arquitectes\" \/>\n<meta property=\"og:url\" content=\"https:\/\/martrocatala.com\/es\/declaracio-accessibilitat\/\" \/>\n<meta property=\"og:site_name\" content=\"Matr\u00f3 Catal\u00e0 Arquitectes\" \/>\n<meta property=\"article:modified_time\" content=\"2023-12-13T14:43:58+00:00\" \/>\n<meta name=\"twitter:card\" content=\"summary_large_image\" \/>\n<meta name=\"twitter:label1\" content=\"Tiempo de lectura\" \/>\n\t<meta name=\"twitter:data1\" content=\"5 minutos\" \/>\n<script type=\"application\/ld+json\" class=\"yoast-schema-graph\">{\"@context\":\"https:\/\/schema.org\",\"@graph\":[{\"@type\":\"WebPage\",\"@id\":\"https:\/\/martrocatala.com\/declaracio-accessibilitat\/\",\"url\":\"https:\/\/martrocatala.com\/declaracio-accessibilitat\/\",\"name\":\"Pol\u00edtica d'Accessibilitat - Matr\u00f3 Catal\u00e0 Arquitectes\",\"isPartOf\":{\"@id\":\"https:\/\/martrocatala.com\/#website\"},\"datePublished\":\"2023-11-28T09:52:51+00:00\",\"dateModified\":\"2023-12-13T14:43:58+00:00\",\"breadcrumb\":{\"@id\":\"https:\/\/martrocatala.com\/declaracio-accessibilitat\/#breadcrumb\"},\"inLanguage\":\"es\",\"potentialAction\":[{\"@type\":\"ReadAction\",\"target\":[\"https:\/\/martrocatala.com\/declaracio-accessibilitat\/\"]}]},{\"@type\":\"BreadcrumbList\",\"@id\":\"https:\/\/martrocatala.com\/declaracio-accessibilitat\/#breadcrumb\",\"itemListElement\":[{\"@type\":\"ListItem\",\"position\":1,\"name\":\"Inici\",\"item\":\"https:\/\/martrocatala.com\/\"},{\"@type\":\"ListItem\",\"position\":2,\"name\":\"Pol\u00edtica d&#8217;Accessibilitat\"}]},{\"@type\":\"WebSite\",\"@id\":\"https:\/\/martrocatala.com\/#website\",\"url\":\"https:\/\/martrocatala.com\/\",\"name\":\"Matr\u00f3 Catal\u00e0 Arquitectes\",\"description\":\"\",\"potentialAction\":[{\"@type\":\"SearchAction\",\"target\":{\"@type\":\"EntryPoint\",\"urlTemplate\":\"https:\/\/martrocatala.com\/?s={search_term_string}\"},\"query-input\":\"required name=search_term_string\"}],\"inLanguage\":\"es\"}]}<\/script>\n<!-- \/ Yoast SEO plugin. -->","yoast_head_json":{"title":"Pol\u00edtica d'Accessibilitat - Matr\u00f3 Catal\u00e0 Arquitectes","robots":{"index":"index","follow":"follow","max-snippet":"max-snippet:-1","max-image-preview":"max-image-preview:large","max-video-preview":"max-video-preview:-1"},"canonical":"https:\/\/martrocatala.com\/es\/declaracio-accessibilitat\/","og_locale":"es_ES","og_type":"article","og_title":"Pol\u00edtica d'Accessibilitat - Matr\u00f3 Catal\u00e0 Arquitectes","og_url":"https:\/\/martrocatala.com\/es\/declaracio-accessibilitat\/","og_site_name":"Matr\u00f3 Catal\u00e0 Arquitectes","article_modified_time":"2023-12-13T14:43:58+00:00","twitter_card":"summary_large_image","twitter_misc":{"Tiempo de lectura":"5 minutos"},"schema":{"@context":"https:\/\/schema.org","@graph":[{"@type":"WebPage","@id":"https:\/\/martrocatala.com\/declaracio-accessibilitat\/","url":"https:\/\/martrocatala.com\/declaracio-accessibilitat\/","name":"Pol\u00edtica d'Accessibilitat - Matr\u00f3 Catal\u00e0 Arquitectes","isPartOf":{"@id":"https:\/\/martrocatala.com\/#website"},"datePublished":"2023-11-28T09:52:51+00:00","dateModified":"2023-12-13T14:43:58+00:00","breadcrumb":{"@id":"https:\/\/martrocatala.com\/declaracio-accessibilitat\/#breadcrumb"},"inLanguage":"es","potentialAction":[{"@type":"ReadAction","target":["https:\/\/martrocatala.com\/declaracio-accessibilitat\/"]}]},{"@type":"BreadcrumbList","@id":"https:\/\/martrocatala.com\/declaracio-accessibilitat\/#breadcrumb","itemListElement":[{"@type":"ListItem","position":1,"name":"Inici","item":"https:\/\/martrocatala.com\/"},{"@type":"ListItem","position":2,"name":"Pol\u00edtica d&#8217;Accessibilitat"}]},{"@type":"WebSite","@id":"https:\/\/martrocatala.com\/#website","url":"https:\/\/martrocatala.com\/","name":"Matr\u00f3 Catal\u00e0 Arquitectes","description":"","potentialAction":[{"@type":"SearchAction","target":{"@type":"EntryPoint","urlTemplate":"https:\/\/martrocatala.com\/?s={search_term_string}"},"query-input":"required name=search_term_string"}],"inLanguage":"es"}]}},"_links":{"self":[{"href":"https:\/\/martrocatala.com\/es\/wp-json\/wp\/v2\/pages\/953","targetHints":{"allow":["GET"]}}],"collection":[{"href":"https:\/\/martrocatala.com\/es\/wp-json\/wp\/v2\/pages"}],"about":[{"href":"https:\/\/martrocatala.com\/es\/wp-json\/wp\/v2\/types\/page"}],"author":[{"embeddable":true,"href":"https:\/\/martrocatala.com\/es\/wp-json\/wp\/v2\/users\/1"}],"replies":[{"embeddable":true,"href":"https:\/\/martrocatala.com\/es\/wp-json\/wp\/v2\/comments?post=953"}],"version-history":[{"count":24,"href":"https:\/\/martrocatala.com\/es\/wp-json\/wp\/v2\/pages\/953\/revisions"}],"predecessor-version":[{"id":1368,"href":"https:\/\/martrocatala.com\/es\/wp-json\/wp\/v2\/pages\/953\/revisions\/1368"}],"wp:attachment":[{"href":"https:\/\/martrocatala.com\/es\/wp-json\/wp\/v2\/media?parent=953"}],"curies":[{"name":"wp","href":"https:\/\/api.w.org\/{rel}","templated":true}]}}